{"id":526,"date":"2015-11-23T17:15:53","date_gmt":"2015-11-23T17:15:53","guid":{"rendered":"http:\/\/projekti.euroart93.hr\/inwork\/anubis\/en\/o-nama\/"},"modified":"2025-03-04T12:28:44","modified_gmt":"2025-03-04T11:28:44","slug":"about-us","status":"publish","type":"page","link":"https:\/\/www.anubis-tattoo.com\/en\/about-us\/","title":{"rendered":"About us"},"content":{"rendered":"<p>Tattoo studio &#8220;Anubis&#8221; began operating on March 19, 2004, making it the oldest such studio in the area. It is located in \u010cepin at Marina Dr\u017ei\u0107a 17. The studio&#8217;s main activity is permanent tattooing (tattoo).<\/p>\n<p>We specialize in making tattoo designs for everyone who wishes their tattoo has a meaning, deeper reason or purpose. With out original approach, we ensure that our clients get the unique work of their own choosing which will visually present things they could only imagine before.<\/p>\n<p>But what makes us <strong>different<\/strong>?<\/p>\n<p>First and foremost, we are constantly working on raising the awareness of our clients and giving the right advices. From the beginning of our studio, we dedicated ourselves to constant advancement in the areas of tattoo quality, collaboration with clients, providing needing information, innovation and education through various seminars and conventions, and debunking false stories, myths and misunderstandings about tattooing on a global level.<\/p>\n<p><strong>Discretion<\/strong> is our top priority!<\/p>\n<p>Our approach is based on individual work with the clients in a totally relaxed, friendly atmosphere. We offer everything from a tasty cup of coffee to valuable advice. We\u2019ve devoted to solving the problems that others are too afraid to mention, or even fail to notice.<\/p>\n","protected":false},"excerpt":{"rendered":"<p>Tattoo studio &#8220;Anubis&#8221; began operating on March 19, 2004, making it the oldest such studio in the area. It is located in \u010cepin at Marina Dr\u017ei\u0107a 17. The studio&#8217;s main activity is permanent tattooing (tattoo). We specialize in &hellip;<\/p>\n","protected":false},"author":1,"featured_media":0,"parent":0,"menu_order":3,"comment_status":"closed","ping_status":"closed","template":"","meta":{"_acf_changed":false,"footnotes":""},"class_list":["post-526","page","type-page","status-publish","hentry"],"acf":[],"yoast_head":"<!-- This site is optimized with the Yoast SEO plugin v27.5 - https:\/\/yoast.com\/product\/yoast-seo-wordpress\/ -->\n<title>About us - Anubis Tattoo<\/title>\n<meta name=\"description\" content=\"Tattoo studio &quot;Anubis&quot; began operating on March 19, 2004, making it the oldest such studio in the area. It is located in \u010cepin at Marina Dr\u017ei\u0107a 17. The\" \/>\n<meta name=\"robots\" content=\"index, follow, max-snippet:-1, max-image-preview:large, max-video-preview:-1\" \/>\n<link rel=\"canonical\" href=\"https:\/\/www.anubis-tattoo.com\/en\/about-us\/\" \/>\n<meta property=\"og:locale\" content=\"en_US\" \/>\n<meta property=\"og:type\" content=\"article\" \/>\n<meta property=\"og:title\" content=\"About us - Anubis Tattoo\" \/>\n<meta property=\"og:description\" content=\"Tattoo studio &quot;Anubis&quot; began operating on March 19, 2004, making it the oldest such studio in the area. It is located in \u010cepin at Marina Dr\u017ei\u0107a 17. The\" \/>\n<meta property=\"og:url\" content=\"https:\/\/www.anubis-tattoo.com\/en\/about-us\/\" \/>\n<meta property=\"og:site_name\" content=\"Anubis Tattoo\" \/>\n<meta property=\"article:publisher\" content=\"https:\/\/www.facebook.com\/anubistattoostudio\/?fref=ts\" \/>\n<meta property=\"article:modified_time\" content=\"2025-03-04T11:28:44+00:00\" \/>\n<meta property=\"og:image\" content=\"https:\/\/www.anubis-tattoo.com\/zvaki\/wp-content\/uploads\/2016\/05\/facebook-anubis-1.jpg\" \/>\n\t<meta property=\"og:image:width\" content=\"1200\" \/>\n\t<meta property=\"og:image:height\" content=\"630\" \/>\n\t<meta property=\"og:image:type\" content=\"image\/jpeg\" \/>\n<meta name=\"twitter:card\" content=\"summary_large_image\" \/>\n<meta name=\"twitter:label1\" content=\"Est. reading time\" \/>\n\t<meta name=\"twitter:data1\" content=\"2 minutes\" \/>\n<script type=\"application\/ld+json\" class=\"yoast-schema-graph\">{\"@context\":\"https:\\\/\\\/schema.org\",\"@graph\":[{\"@type\":\"WebPage\",\"@id\":\"https:\\\/\\\/www.anubis-tattoo.com\\\/en\\\/about-us\\\/\",\"url\":\"https:\\\/\\\/www.anubis-tattoo.com\\\/en\\\/about-us\\\/\",\"name\":\"About us - Anubis Tattoo\",\"isPartOf\":{\"@id\":\"https:\\\/\\\/www.anubis-tattoo.com\\\/#website\"},\"datePublished\":\"2015-11-23T17:15:53+00:00\",\"dateModified\":\"2025-03-04T11:28:44+00:00\",\"description\":\"Tattoo studio \\\"Anubis\\\" began operating on March 19, 2004, making it the oldest such studio in the area. It is located in \u010cepin at Marina Dr\u017ei\u0107a 17. The\",\"breadcrumb\":{\"@id\":\"https:\\\/\\\/www.anubis-tattoo.com\\\/en\\\/about-us\\\/#breadcrumb\"},\"inLanguage\":\"en-US\",\"potentialAction\":[{\"@type\":\"ReadAction\",\"target\":[\"https:\\\/\\\/www.anubis-tattoo.com\\\/en\\\/about-us\\\/\"]}]},{\"@type\":\"BreadcrumbList\",\"@id\":\"https:\\\/\\\/www.anubis-tattoo.com\\\/en\\\/about-us\\\/#breadcrumb\",\"itemListElement\":[{\"@type\":\"ListItem\",\"position\":1,\"name\":\"Home\",\"item\":\"https:\\\/\\\/www.anubis-tattoo.com\\\/en\\\/\"},{\"@type\":\"ListItem\",\"position\":2,\"name\":\"About us\"}]},{\"@type\":\"WebSite\",\"@id\":\"https:\\\/\\\/www.anubis-tattoo.com\\\/#website\",\"url\":\"https:\\\/\\\/www.anubis-tattoo.com\\\/\",\"name\":\"Anubis Tattoo\",\"description\":\"Salon za tetoviranje i piercing\",\"potentialAction\":[{\"@type\":\"SearchAction\",\"target\":{\"@type\":\"EntryPoint\",\"urlTemplate\":\"https:\\\/\\\/www.anubis-tattoo.com\\\/?s={search_term_string}\"},\"query-input\":{\"@type\":\"PropertyValueSpecification\",\"valueRequired\":true,\"valueName\":\"search_term_string\"}}],\"inLanguage\":\"en-US\"}]}<\/script>\n<!-- \/ Yoast SEO plugin. -->","yoast_head_json":{"title":"About us - Anubis Tattoo","description":"Tattoo studio \"Anubis\" began operating on March 19, 2004, making it the oldest such studio in the area. It is located in \u010cepin at Marina Dr\u017ei\u0107a 17. The","robots":{"index":"index","follow":"follow","max-snippet":"max-snippet:-1","max-image-preview":"max-image-preview:large","max-video-preview":"max-video-preview:-1"},"canonical":"https:\/\/www.anubis-tattoo.com\/en\/about-us\/","og_locale":"en_US","og_type":"article","og_title":"About us - Anubis Tattoo","og_description":"Tattoo studio \"Anubis\" began operating on March 19, 2004, making it the oldest such studio in the area. It is located in \u010cepin at Marina Dr\u017ei\u0107a 17. The","og_url":"https:\/\/www.anubis-tattoo.com\/en\/about-us\/","og_site_name":"Anubis Tattoo","article_publisher":"https:\/\/www.facebook.com\/anubistattoostudio\/?fref=ts","article_modified_time":"2025-03-04T11:28:44+00:00","og_image":[{"width":1200,"height":630,"url":"https:\/\/www.anubis-tattoo.com\/zvaki\/wp-content\/uploads\/2016\/05\/facebook-anubis-1.jpg","type":"image\/jpeg"}],"twitter_card":"summary_large_image","twitter_misc":{"Est. reading time":"2 minutes"},"schema":{"@context":"https:\/\/schema.org","@graph":[{"@type":"WebPage","@id":"https:\/\/www.anubis-tattoo.com\/en\/about-us\/","url":"https:\/\/www.anubis-tattoo.com\/en\/about-us\/","name":"About us - Anubis Tattoo","isPartOf":{"@id":"https:\/\/www.anubis-tattoo.com\/#website"},"datePublished":"2015-11-23T17:15:53+00:00","dateModified":"2025-03-04T11:28:44+00:00","description":"Tattoo studio \"Anubis\" began operating on March 19, 2004, making it the oldest such studio in the area. It is located in \u010cepin at Marina Dr\u017ei\u0107a 17. The","breadcrumb":{"@id":"https:\/\/www.anubis-tattoo.com\/en\/about-us\/#breadcrumb"},"inLanguage":"en-US","potentialAction":[{"@type":"ReadAction","target":["https:\/\/www.anubis-tattoo.com\/en\/about-us\/"]}]},{"@type":"BreadcrumbList","@id":"https:\/\/www.anubis-tattoo.com\/en\/about-us\/#breadcrumb","itemListElement":[{"@type":"ListItem","position":1,"name":"Home","item":"https:\/\/www.anubis-tattoo.com\/en\/"},{"@type":"ListItem","position":2,"name":"About us"}]},{"@type":"WebSite","@id":"https:\/\/www.anubis-tattoo.com\/#website","url":"https:\/\/www.anubis-tattoo.com\/","name":"Anubis Tattoo","description":"Salon za tetoviranje i piercing","potentialAction":[{"@type":"SearchAction","target":{"@type":"EntryPoint","urlTemplate":"https:\/\/www.anubis-tattoo.com\/?s={search_term_string}"},"query-input":{"@type":"PropertyValueSpecification","valueRequired":true,"valueName":"search_term_string"}}],"inLanguage":"en-US"}]}},"_links":{"self":[{"href":"https:\/\/www.anubis-tattoo.com\/en\/wp-json\/wp\/v2\/pages\/526","targetHints":{"allow":["GET"]}}],"collection":[{"href":"https:\/\/www.anubis-tattoo.com\/en\/wp-json\/wp\/v2\/pages"}],"about":[{"href":"https:\/\/www.anubis-tattoo.com\/en\/wp-json\/wp\/v2\/types\/page"}],"author":[{"embeddable":true,"href":"https:\/\/www.anubis-tattoo.com\/en\/wp-json\/wp\/v2\/users\/1"}],"replies":[{"embeddable":true,"href":"https:\/\/www.anubis-tattoo.com\/en\/wp-json\/wp\/v2\/comments?post=526"}],"version-history":[{"count":3,"href":"https:\/\/www.anubis-tattoo.com\/en\/wp-json\/wp\/v2\/pages\/526\/revisions"}],"predecessor-version":[{"id":3708,"href":"https:\/\/www.anubis-tattoo.com\/en\/wp-json\/wp\/v2\/pages\/526\/revisions\/3708"}],"wp:attachment":[{"href":"https:\/\/www.anubis-tattoo.com\/en\/wp-json\/wp\/v2\/media?parent=526"}],"curies":[{"name":"wp","href":"https:\/\/api.w.org\/{rel}","templated":true}]}}